{"id":29,"date":"2021-05-18T12:07:21","date_gmt":"2021-05-18T12:07:21","guid":{"rendered":"https:\/\/www.amqa.org.mx\/cursos\/?page_id=29"},"modified":"2026-04-10T09:45:37","modified_gmt":"2026-04-10T09:45:37","slug":"envio-recibo-de-pago-cursos","status":"publish","type":"page","link":"https:\/\/www.amqa.org.mx\/cursos\/envio-recibo-de-pago-cursos\/","title":{"rendered":"Env\u00edo Recibo De Pago Cursos"},"content":{"rendered":"<p>[et_pb_section fb_built=&#8221;1&#8243; disabled_on=&#8221;off|off|off&#8221; admin_label=&#8221;Section&#8221; module_id=&#8221;popup&#8221; module_class=&#8221;dl-popup-content&#8221; _builder_version=&#8221;4.27.6&#8243; _module_preset=&#8221;default&#8221; background_enable_color=&#8221;off&#8221; use_background_color_gradient=&#8221;on&#8221; background_color_gradient_stops=&#8221;#001b56 29%|#0e4de3 100%&#8221; background_enable_pattern_style=&#8221;on&#8221; background_pattern_style=&#8221;diagonal-stripes-2&#8243; background_pattern_color=&#8221;rgba(0,0,0,0.06)&#8221; background_pattern_size=&#8221;custom&#8221; background_pattern_width=&#8221;0px&#8221; background_pattern_repeat_origin=&#8221;center&#8221; background_pattern_blend_mode=&#8221;luminosity&#8221; min_height=&#8221;100%&#8221; custom_padding=&#8221;|2px||||&#8221; da_popup_slug=&#8221;popup&#8221; da_not_modal=&#8221;off&#8221; da_dark_close=&#8221;on&#8221; da_disable_devices=&#8221;off|off|off&#8221; locked=&#8221;off&#8221; global_colors_info=&#8221;{}&#8221; da_is_popup=&#8221;off&#8221; da_exit_intent=&#8221;off&#8221; da_has_close=&#8221;on&#8221; da_alt_close=&#8221;off&#8221; da_is_singular=&#8221;off&#8221; da_with_loader=&#8221;off&#8221; da_has_shadow=&#8221;on&#8221;][et_pb_row column_structure=&#8221;1_3,1_3,1_3&#8243; use_custom_gutter=&#8221;on&#8221; gutter_width=&#8221;1&#8243; make_equal=&#8221;on&#8221; _builder_version=&#8221;4.27.4&#8243; _module_preset=&#8221;default&#8221; background_color=&#8221;#FFFFFF&#8221; width=&#8221;90%&#8221; max_width=&#8221;2560px&#8221; custom_padding=&#8221;0px||0px||false|false&#8221; box_shadow_style=&#8221;preset3&#8243; box_shadow_vertical=&#8221;34px&#8221; box_shadow_blur=&#8221;75px&#8221; global_colors_info=&#8221;{}&#8221; border_radii__hover_enabled=&#8221;on|desktop&#8221;][et_pb_column type=&#8221;1_3&#8243; _builder_version=&#8221;4.27.4&#8243; _module_preset=&#8221;default&#8221; background_enable_color=&#8221;off&#8221; use_background_color_gradient=&#8221;on&#8221; background_color_gradient_stops=&#8221;#001b56 69%|#0e4de3 100%&#8221; background_enable_image=&#8221;off&#8221; background_blend=&#8221;multiply&#8221; background_enable_pattern_style=&#8221;on&#8221; background_pattern_style=&#8221;cubes&#8221; background_pattern_color=&#8221;rgba(0,0,0,0.06)&#8221; background_pattern_size=&#8221;custom&#8221; background_pattern_repeat_origin=&#8221;center&#8221; background_pattern_blend_mode=&#8221;luminosity&#8221; z_index=&#8221;1&#8243; custom_padding=&#8221;50px|30px|50px|30px|true|true&#8221; custom_padding_tablet=&#8221;50px|30px|50px|30px|true|true&#8221; custom_padding_phone=&#8221;50px|30px|50px|30px|true|true&#8221; custom_padding_last_edited=&#8221;on|desktop&#8221; global_colors_info=&#8221;{}&#8221;][et_pb_blurb use_icon=&#8221;on&#8221; font_icon=&#8221;&#xf1d8;||fa||900&#8243; icon_color=&#8221;#04dece&#8221; image_icon_background_color=&#8221;RGBA(255,255,255,0)&#8221; icon_placement=&#8221;left&#8221; image_icon_width=&#8221;90px&#8221; image_icon_width_tablet=&#8221;90px&#8221; image_icon_width_phone=&#8221;90px&#8221; image_icon_width_last_edited=&#8221;on|phone&#8221; _builder_version=&#8221;4.27.6&#8243; _module_preset=&#8221;default&#8221; locked=&#8221;off&#8221; global_colors_info=&#8221;{}&#8221;][\/et_pb_blurb][et_pb_text _builder_version=&#8221;4.27.4&#8243; _module_preset=&#8221;default&#8221; header_font=&#8221;|300|||||||&#8221; header_3_font=&#8221;Montserrat|100|||||||&#8221; header_3_text_align=&#8221;left&#8221; header_3_text_color=&#8221;#FFFFFF&#8221; header_3_font_size=&#8221;60px&#8221; header_4_font=&#8221;Montserrat|500|||||||&#8221; header_4_text_align=&#8221;left&#8221; header_4_text_color=&#8221;#FFFFFF&#8221; header_4_font_size=&#8221;60px&#8221; text_orientation=&#8221;center&#8221; header_3_font_size_tablet=&#8221;60px&#8221; header_3_font_size_phone=&#8221;54px&#8221; header_3_font_size_last_edited=&#8221;on|phone&#8221; header_4_font_size_tablet=&#8221;60px&#8221; header_4_font_size_phone=&#8221;36px&#8221; header_4_font_size_last_edited=&#8221;on|phone&#8221; locked=&#8221;off&#8221; global_colors_info=&#8221;{}&#8221;]<\/p>\n<h3>Env\u00edo De Recibo De Pago<\/h3>\n<h4>Cursos<\/h4>\n<p>[\/et_pb_text][\/et_pb_column][et_pb_column type=&#8221;1_3&#8243; _builder_version=&#8221;4.27.4&#8243; _module_preset=&#8221;default&#8221; background_color=&#8221;rgba(235,224,221,0.15)&#8221; positioning=&#8221;none&#8221; z_index=&#8221;3&#8243; custom_padding=&#8221;50px|30px|50px|30px|true|true&#8221; global_colors_info=&#8221;{}&#8221;][et_pb_blurb use_icon=&#8221;on&#8221; font_icon=&#8221;&#xf129;||fa||900&#8243; icon_color=&#8221;#04dece&#8221; image_icon_background_color=&#8221;RGBA(255,255,255,0)&#8221; icon_placement=&#8221;left&#8221; image_icon_width=&#8221;90px&#8221; image_icon_width_tablet=&#8221;90px&#8221; image_icon_width_phone=&#8221;90px&#8221; image_icon_width_last_edited=&#8221;on|phone&#8221; _builder_version=&#8221;4.27.6&#8243; _module_preset=&#8221;default&#8221; locked=&#8221;off&#8221; global_colors_info=&#8221;{}&#8221;][\/et_pb_blurb][et_pb_text _builder_version=&#8221;4.27.4&#8243; _module_preset=&#8221;default&#8221; header_font=&#8221;|300|||||||&#8221; header_3_font=&#8221;Montserrat|300|||||||&#8221; header_3_text_align=&#8221;left&#8221; header_3_text_color=&#8221;#000000&#8243; header_3_font_size=&#8221;54px&#8221; text_orientation=&#8221;center&#8221; header_3_font_size_tablet=&#8221;54px&#8221; header_3_font_size_phone=&#8221;42px&#8221; header_3_font_size_last_edited=&#8221;on|phone&#8221; locked=&#8221;off&#8221; global_colors_info=&#8221;{}&#8221;]<\/p>\n<h3>Instrucciones<\/h3>\n<p>[\/et_pb_text][et_pb_blurb title=&#8221;OBJETIVO&#8221; image_icon_background_color=&#8221;RGBA(255,255,255,0)&#8221; icon_placement=&#8221;left&#8221; content_max_width=&#8221;900px&#8221; _builder_version=&#8221;4.27.4&#8243; _module_preset=&#8221;default&#8221; header_text_color=&#8221;#000000&#8243; body_text_color=&#8221;#000000&#8243; module_alignment=&#8221;center&#8221; locked=&#8221;off&#8221; global_colors_info=&#8221;{}&#8221;]<\/p>\n<ul>\n<li>Verifique que la informaci\u00f3n dada de alta este correcta.<\/li>\n<li>Contar con el Comprobante De Pago a Cursos y subir el archivo a trav\u00e9s de la pesta\u00f1a de RECIBO.<\/li>\n<\/ul>\n<p>[\/et_pb_blurb][\/et_pb_column][et_pb_column type=&#8221;1_3&#8243; _builder_version=&#8221;4.24.2&#8243; _module_preset=&#8221;default&#8221; positioning=&#8221;none&#8221; z_index=&#8221;3&#8243; custom_padding=&#8221;50px|30px|50px|30px|true|true&#8221; global_colors_info=&#8221;{}&#8221;][et_pb_blurb use_icon=&#8221;on&#8221; font_icon=&#8221;&#xf2f6;||fa||900&#8243; icon_color=&#8221;#04dece&#8221; image_icon_background_color=&#8221;RGBA(255,255,255,0)&#8221; icon_placement=&#8221;left&#8221; image_icon_width=&#8221;90px&#8221; image_icon_width_tablet=&#8221;90px&#8221; image_icon_width_phone=&#8221;90px&#8221; image_icon_width_last_edited=&#8221;on|phone&#8221; _builder_version=&#8221;4.27.6&#8243; _module_preset=&#8221;default&#8221; locked=&#8221;off&#8221; global_colors_info=&#8221;{}&#8221;][\/et_pb_blurb][et_pb_text _builder_version=&#8221;4.27.4&#8243; _module_preset=&#8221;default&#8221; header_font=&#8221;|300|||||||&#8221; header_3_font=&#8221;Montserrat|300|||||||&#8221; header_3_text_align=&#8221;left&#8221; header_3_text_color=&#8221;#000000&#8243; header_3_font_size=&#8221;54px&#8221; text_orientation=&#8221;center&#8221; header_3_font_size_tablet=&#8221;54px&#8221; header_3_font_size_phone=&#8221;42px&#8221; header_3_font_size_last_edited=&#8221;on|phone&#8221; locked=&#8221;off&#8221; global_colors_info=&#8221;{}&#8221;]<\/p>\n<h3>Acceso<\/h3>\n<p>[\/et_pb_text][et_pb_text disabled_on=&#8221;off|off|off&#8221; _builder_version=&#8221;4.27.4&#8243; header_font_size=&#8221;20px&#8221; header_2_text_color=&#8221;#000000&#8243; header_2_font_size=&#8221;18px&#8221; border_color_all=&#8221;#E09900&#8243; global_colors_info=&#8221;{}&#8221;]<\/p>\n\n <!DOCTYPE html>\n<html lang=\"en\">\n<head><meta http-equiv=\"Content-Type\" content=\"text\/html; charset=utf-8\">\n  <title><\/title>\n  \n  <meta name=\"viewport\" content=\"width=device-width, initial-scale=1\">\n\n<link rel=\"stylesheet\" href=\"https:\/\/www.amqa.org.mx\/bootstrap\/4.4.1\/css\/bootstrap.min.css\" integrity=\"sha384-Vkoo8x4CGsO3+Hhxv8T\/Q5PaXtkKtu6ug5TOeNV6gBiFeWPGFN9MuhOf23Q9Ifjh\" crossorigin=\"anonymous\">\n<script src=\"https:\/\/cdn.jsdelivr.net\/npm\/bootstrap@4.4.1\/dist\/js\/bootstrap.min.js\" integrity=\"sha384-wfSDF2E50Y2D1uUdj0O3uMBJnjuUD4Ih7YwaYd1iqfktj0Uod8GCExl3Og8ifwB6\" crossorigin=\"anonymous\"><\/script>\n\n<\/head>\n<body>\n\n\n<div id=\"pdbx-login\" class=\"form-horizontal\">  <form method=\"post\" >\n        <input  type=\"hidden\" name=\"pdbx-ser\" value=\"21\" \/>\n    <input  type=\"hidden\" name=\"form\" value=\"pdbx-login\" \/>\n    <div class=\"control-group\">\n      <label class=\"control-label\" for=\"login_name\" >EMAIL: *<\/label>\n      <div class=\"controls\">\n        <input type=\"text\" name=\"email\" value=\"\"  \/>\n      <\/div>\n    <\/div>\n            <div class=\"control-group\">\n      <label class=\"control-label\" for=\"login_password\" >PASSWORD: *<\/label>\n      <div class=\"controls\">\n        <input type=\"password\" name=\"password\" value=\"\" \/>\n      <\/div>\n    <\/div>\n        <div class=\"control-group\">\n      <div class=\"controls\">\n          <br>\n        <input type=\"submit\" name=\"submit\" class=\"btn btn-dark btn-lg btn-block\" value=\"INICIAR SESI\u00d3N\" \/><div class=\"retrieve-link\"><\/div>\n        <\/br>\n      <\/div>\n    <\/div>\n  <\/form>\n<\/div>\n\n\n<\/body>\n<\/html>\n<p>[\/et_pb_text][et_pb_code _builder_version=&#8221;4.27.4&#8243; _module_preset=&#8221;default&#8221; global_colors_info=&#8221;{}&#8221;][\/et_pb_code][et_pb_blurb use_icon=&#8221;on&#8221; font_icon=&#8221;&#xe010;||divi||400&#8243; icon_color=&#8221;#04dece&#8221; image_icon_background_color=&#8221;RGBA(255,255,255,0)&#8221; icon_placement=&#8221;left&#8221; image_icon_width=&#8221;90px&#8221; image_icon_width_tablet=&#8221;90px&#8221; image_icon_width_phone=&#8221;90px&#8221; image_icon_width_last_edited=&#8221;on|phone&#8221; _builder_version=&#8221;4.27.6&#8243; _module_preset=&#8221;default&#8221; locked=&#8221;off&#8221; global_colors_info=&#8221;{}&#8221;][\/et_pb_blurb][et_pb_text _builder_version=&#8221;4.27.4&#8243; _module_preset=&#8221;default&#8221; header_font=&#8221;|300|||||||&#8221; header_3_font=&#8221;Montserrat|300|||||||&#8221; header_3_text_align=&#8221;left&#8221; header_3_text_color=&#8221;#000000&#8243; header_3_font_size=&#8221;54px&#8221; text_orientation=&#8221;center&#8221; header_3_font_size_tablet=&#8221;54px&#8221; header_3_font_size_phone=&#8221;42px&#8221; header_3_font_size_last_edited=&#8221;on|phone&#8221; locked=&#8221;off&#8221; global_colors_info=&#8221;{}&#8221;]<\/p>\n<h3>Contacto<\/h3>\n<p>[\/et_pb_text][et_pb_blurb icon_placement=&#8221;left&#8221; image_icon_width=&#8221;39px&#8221; _builder_version=&#8221;4.27.4&#8243; _module_preset=&#8221;default&#8221; header_font=&#8221;Exo 2||||||||&#8221; header_text_color=&#8221;#000000&#8243; header_font_size=&#8221;18px&#8221; body_font=&#8221;Exo 2||||||||&#8221; body_font_size=&#8221;18px&#8221; global_colors_info=&#8221;{}&#8221;]<\/p>\n<p>Para cualquier duda con el acceso, por favor, puede enviar un correo a <strong>contacto@amqa.org.mx<\/strong><a href=\"https:\/\/www.amqa.org.mx\/registro-congreso-sin-investigacion\"><span style=\"color: #ff0000;\"><span style=\"color: #0000ff;\"><\/span><\/span><\/a><\/p>\n<p>[\/et_pb_blurb][\/et_pb_column][\/et_pb_row][\/et_pb_section][et_pb_section fb_built=&#8221;1&#8243; disabled_on=&#8221;on|on|on&#8221; admin_label=&#8221;Section&#8221; module_id=&#8221;popup&#8221; module_class=&#8221;dl-popup-content&#8221; _builder_version=&#8221;4.27.6&#8243; _module_preset=&#8221;default&#8221; background_enable_color=&#8221;off&#8221; use_background_color_gradient=&#8221;on&#8221; background_color_gradient_stops=&#8221;#001b56 29%|#0e4de3 100%&#8221; background_enable_pattern_style=&#8221;on&#8221; background_pattern_style=&#8221;diagonal-stripes-2&#8243; background_pattern_color=&#8221;rgba(0,0,0,0.06)&#8221; background_pattern_size=&#8221;custom&#8221; background_pattern_width=&#8221;0px&#8221; background_pattern_repeat_origin=&#8221;center&#8221; background_pattern_blend_mode=&#8221;luminosity&#8221; min_height=&#8221;100%&#8221; custom_padding=&#8221;|2px||||&#8221; da_popup_slug=&#8221;popup&#8221; da_not_modal=&#8221;off&#8221; da_dark_close=&#8221;on&#8221; da_disable_devices=&#8221;off|off|off&#8221; disabled=&#8221;on&#8221; locked=&#8221;off&#8221; global_colors_info=&#8221;{}&#8221; da_is_popup=&#8221;off&#8221; da_exit_intent=&#8221;off&#8221; da_has_close=&#8221;on&#8221; da_alt_close=&#8221;off&#8221; da_is_singular=&#8221;off&#8221; da_with_loader=&#8221;off&#8221; da_has_shadow=&#8221;on&#8221;][et_pb_row column_structure=&#8221;1_3,1_3,1_3&#8243; use_custom_gutter=&#8221;on&#8221; gutter_width=&#8221;1&#8243; make_equal=&#8221;on&#8221; _builder_version=&#8221;4.27.4&#8243; _module_preset=&#8221;default&#8221; background_color=&#8221;#FFFFFF&#8221; width=&#8221;90%&#8221; max_width=&#8221;2560px&#8221; custom_padding=&#8221;0px||0px||false|false&#8221; box_shadow_style=&#8221;preset3&#8243; box_shadow_vertical=&#8221;34px&#8221; box_shadow_blur=&#8221;75px&#8221; global_colors_info=&#8221;{}&#8221; border_radii__hover_enabled=&#8221;on|desktop&#8221;][et_pb_column type=&#8221;1_3&#8243; _builder_version=&#8221;4.27.4&#8243; _module_preset=&#8221;default&#8221; background_enable_color=&#8221;off&#8221; use_background_color_gradient=&#8221;on&#8221; background_color_gradient_stops=&#8221;#001b56 69%|#0e4de3 100%&#8221; background_enable_image=&#8221;off&#8221; background_blend=&#8221;multiply&#8221; background_enable_pattern_style=&#8221;on&#8221; background_pattern_style=&#8221;cubes&#8221; background_pattern_color=&#8221;rgba(0,0,0,0.06)&#8221; background_pattern_size=&#8221;custom&#8221; background_pattern_repeat_origin=&#8221;center&#8221; background_pattern_blend_mode=&#8221;luminosity&#8221; z_index=&#8221;1&#8243; custom_padding=&#8221;50px|30px|50px|30px|true|true&#8221; custom_padding_tablet=&#8221;50px|30px|50px|30px|true|true&#8221; custom_padding_phone=&#8221;50px|30px|50px|30px|true|true&#8221; custom_padding_last_edited=&#8221;on|desktop&#8221; border_color_all=&#8221;#0C71C3&#8243; global_colors_info=&#8221;{}&#8221;][et_pb_blurb use_icon=&#8221;on&#8221; font_icon=&#8221;&#xf1d8;||fa||900&#8243; icon_color=&#8221;#E02B20&#8243; image_icon_background_color=&#8221;RGBA(255,255,255,0)&#8221; icon_placement=&#8221;left&#8221; image_icon_width=&#8221;90px&#8221; image_icon_width_tablet=&#8221;90px&#8221; image_icon_width_phone=&#8221;90px&#8221; image_icon_width_last_edited=&#8221;on|phone&#8221; _builder_version=&#8221;4.27.4&#8243; _module_preset=&#8221;default&#8221; locked=&#8221;off&#8221; global_colors_info=&#8221;{}&#8221;][\/et_pb_blurb][et_pb_text _builder_version=&#8221;4.27.4&#8243; _module_preset=&#8221;default&#8221; header_font=&#8221;|300|||||||&#8221; header_3_font=&#8221;Montserrat|100|||||||&#8221; header_3_text_align=&#8221;left&#8221; header_3_text_color=&#8221;#FFFFFF&#8221; header_3_font_size=&#8221;60px&#8221; header_4_font=&#8221;Montserrat|500|||||||&#8221; header_4_text_align=&#8221;left&#8221; header_4_text_color=&#8221;#FFFFFF&#8221; header_4_font_size=&#8221;60px&#8221; text_orientation=&#8221;center&#8221; header_3_font_size_tablet=&#8221;60px&#8221; header_3_font_size_phone=&#8221;54px&#8221; header_3_font_size_last_edited=&#8221;on|phone&#8221; header_4_font_size_tablet=&#8221;60px&#8221; header_4_font_size_phone=&#8221;36px&#8221; header_4_font_size_last_edited=&#8221;on|phone&#8221; locked=&#8221;off&#8221; global_colors_info=&#8221;{}&#8221;]<\/p>\n<h3>Env\u00edo De Recibo De Pago<\/h3>\n<h4>Cursos<\/h4>\n<p>[\/et_pb_text][\/et_pb_column][et_pb_column type=&#8221;1_3&#8243; _builder_version=&#8221;4.27.4&#8243; _module_preset=&#8221;default&#8221; background_color=&#8221;rgba(235,224,221,0.15)&#8221; positioning=&#8221;none&#8221; z_index=&#8221;3&#8243; custom_padding=&#8221;50px|30px|50px|30px|true|true&#8221; global_colors_info=&#8221;{}&#8221;][et_pb_blurb use_icon=&#8221;on&#8221; font_icon=&#8221;&#xf410;||fa||900&#8243; icon_color=&#8221;#E02B20&#8243; image_icon_background_color=&#8221;RGBA(255,255,255,0)&#8221; icon_placement=&#8221;left&#8221; image_icon_width=&#8221;90px&#8221; image_icon_width_tablet=&#8221;90px&#8221; image_icon_width_phone=&#8221;90px&#8221; image_icon_width_last_edited=&#8221;on|phone&#8221; _builder_version=&#8221;4.27.4&#8243; _module_preset=&#8221;default&#8221; locked=&#8221;off&#8221; global_colors_info=&#8221;{}&#8221;][\/et_pb_blurb][et_pb_text _builder_version=&#8221;4.27.4&#8243; _module_preset=&#8221;default&#8221; header_font=&#8221;|300|||||||&#8221; header_3_font=&#8221;Montserrat|300|||||||&#8221; header_3_text_align=&#8221;left&#8221; header_3_text_color=&#8221;#000000&#8243; header_3_font_size=&#8221;39px&#8221; text_orientation=&#8221;center&#8221; header_3_font_size_tablet=&#8221;39px&#8221; header_3_font_size_phone=&#8221;39px&#8221; header_3_font_size_last_edited=&#8221;on|tablet&#8221; locked=&#8221;off&#8221; global_colors_info=&#8221;{}&#8221;]<\/p>\n<h3>El Env\u00edo De Recibo De Pago a Cursos se ha cerrado.<\/h3>\n<p>[\/et_pb_text][\/et_pb_column][et_pb_column type=&#8221;1_3&#8243; _builder_version=&#8221;4.24.2&#8243; _module_preset=&#8221;default&#8221; positioning=&#8221;none&#8221; z_index=&#8221;3&#8243; custom_padding=&#8221;50px|30px|50px|30px|true|true&#8221; global_colors_info=&#8221;{}&#8221;][et_pb_blurb use_icon=&#8221;on&#8221; font_icon=&#8221;&#x45;||divi||400&#8243; icon_color=&#8221;#E02B20&#8243; image_icon_background_color=&#8221;RGBA(255,255,255,0)&#8221; icon_placement=&#8221;left&#8221; image_icon_width=&#8221;90px&#8221; image_icon_width_tablet=&#8221;90px&#8221; image_icon_width_phone=&#8221;90px&#8221; image_icon_width_last_edited=&#8221;on|phone&#8221; _builder_version=&#8221;4.27.4&#8243; _module_preset=&#8221;default&#8221; locked=&#8221;off&#8221; global_colors_info=&#8221;{}&#8221;][\/et_pb_blurb][et_pb_text _builder_version=&#8221;4.27.4&#8243; _module_preset=&#8221;default&#8221; header_font=&#8221;|300|||||||&#8221; header_3_font=&#8221;Montserrat|300|||||||&#8221; header_3_text_align=&#8221;left&#8221; header_3_text_color=&#8221;#000000&#8243; header_3_font_size=&#8221;39px&#8221; text_orientation=&#8221;center&#8221; header_3_font_size_tablet=&#8221;39px&#8221; header_3_font_size_phone=&#8221;39px&#8221; header_3_font_size_last_edited=&#8221;on|phone&#8221; locked=&#8221;off&#8221; global_colors_info=&#8221;{}&#8221;]<\/p>\n<h3>Muchas Gracias por su participaci\u00f3n.<\/h3>\n<p>[\/et_pb_text][\/et_pb_column][\/et_pb_row][\/et_pb_section]<\/p>\n","protected":false},"excerpt":{"rendered":"<p>Env\u00edo De Recibo De Pago CursosInstrucciones Verifique que la informaci\u00f3n dada de alta este correcta. Contar con el Comprobante De Pago a Cursos y subir el archivo a trav\u00e9s de la pesta\u00f1a de RECIBO. Acceso\n <!DOCTYPE html>\n<html lang=\"en\">\n<head><meta http-equiv=\"Content-Type\" content=\"text\/html; charset=utf-8\">\n  <title><\/title>\n  \n  <meta name=\"viewport\" content=\"width=device-width, initial-scale=1\">\n\n<link rel=\"stylesheet\" href=\"https:\/\/www.amqa.org.mx\/bootstrap\/4.4.1\/css\/bootstrap.min.css\" integrity=\"sha384-Vkoo8x4CGsO3+Hhxv8T\/Q5PaXtkKtu6ug5TOeNV6gBiFeWPGFN9MuhOf23Q9Ifjh\" crossorigin=\"anonymous\">\n<script src=\"https:\/\/cdn.jsdelivr.net\/npm\/bootstrap@4.4.1\/dist\/js\/bootstrap.min.js\" integrity=\"sha384-wfSDF2E50Y2D1uUdj0O3uMBJnjuUD4Ih7YwaYd1iqfktj0Uod8GCExl3Og8ifwB6\" crossorigin=\"anonymous\"><\/script>\n\n<\/head>\n<body>\n\n\n<div id=\"pdbx-login\" class=\"form-horizontal\">  <form method=\"post\" >\n        <input  type=\"hidden\" name=\"pdbx-ser\" value=\"21\" \/>\n    <input  type=\"hidden\" name=\"form\" value=\"pdbx-login\" \/>\n    <div class=\"control-group\">\n      <label class=\"control-label\" for=\"login_name\" >EMAIL: *<\/label>\n      <div class=\"controls\">\n        <input type=\"text\" name=\"email\" value=\"\"  \/>\n      <\/div>\n    <\/div>\n            <div class=\"control-group\">\n      <label class=\"control-label\" for=\"login_password\" >PASSWORD: *<\/label>\n      <div class=\"controls\">\n        <input type=\"password\" name=\"password\" value=\"\" \/>\n      <\/div>\n    <\/div>\n        <div class=\"control-group\">\n      <div class=\"controls\">\n          <br>\n        <input type=\"submit\" name=\"submit\" class=\"btn btn-dark btn-lg btn-block\" value=\"INICIAR SESI\u00d3N\" \/><div class=\"retrieve-link\"><\/div>\n        <\/br>\n      <\/div>\n    <\/div>\n  <\/form>\n<\/div>\n\n\n<\/body>\n<\/html>ContactoPara cualquier duda con el acceso, por favor, puede enviar un correo a contacto@amqa.org.mxEnv\u00edo De Recibo De Pago CursosEl Env\u00edo De [&hellip;]<\/p>\n","protected":false},"author":1,"featured_media":0,"parent":0,"menu_order":0,"comment_status":"closed","ping_status":"closed","template":"","meta":{"_et_pb_use_builder":"on","_et_pb_old_content":"","_et_gb_content_width":"","footnotes":""},"class_list":["post-29","page","type-page","status-publish","hentry"],"_links":{"self":[{"href":"https:\/\/www.amqa.org.mx\/cursos\/wp-json\/wp\/v2\/pages\/29","targetHints":{"allow":["GET"]}}],"collection":[{"href":"https:\/\/www.amqa.org.mx\/cursos\/wp-json\/wp\/v2\/pages"}],"about":[{"href":"https:\/\/www.amqa.org.mx\/cursos\/wp-json\/wp\/v2\/types\/page"}],"author":[{"embeddable":true,"href":"https:\/\/www.amqa.org.mx\/cursos\/wp-json\/wp\/v2\/users\/1"}],"replies":[{"embeddable":true,"href":"https:\/\/www.amqa.org.mx\/cursos\/wp-json\/wp\/v2\/comments?post=29"}],"version-history":[{"count":50,"href":"https:\/\/www.amqa.org.mx\/cursos\/wp-json\/wp\/v2\/pages\/29\/revisions"}],"predecessor-version":[{"id":903,"href":"https:\/\/www.amqa.org.mx\/cursos\/wp-json\/wp\/v2\/pages\/29\/revisions\/903"}],"wp:attachment":[{"href":"https:\/\/www.amqa.org.mx\/cursos\/wp-json\/wp\/v2\/media?parent=29"}],"curies":[{"name":"wp","href":"https:\/\/api.w.org\/{rel}","templated":true}]}}